{"id":83,"date":"2017-11-21T15:43:29","date_gmt":"2017-11-21T13:43:29","guid":{"rendered":"https:\/\/nyblin.fi\/dev\/?page_id=83"},"modified":"2022-03-17T18:50:28","modified_gmt":"2022-03-17T16:50:28","slug":"fototjanster","status":"publish","type":"page","link":"https:\/\/nyblin.fi\/sv\/fototjanster\/","title":{"rendered":"Fototj\u00e4nster"},"content":{"rendered":"<h3>Portr\u00e4tt \/ F\u00f6retag<\/h3>\n<p>Om du \u00e4r l\u00e4kare, f\u00f6retagare, ingenj\u00f6r eller kanske en filosof, vill du l\u00e4mna ett best\u00e5ende intryck f\u00f6r kommande generationer. Med konstbelysning producerar vi h\u00f6gklassiga bilder. 80,-<\/p>\n<h3>Familjeportr\u00e4tt<\/h3>\n<p>Som det gamla ordspr\u00e5ket lyder, du kan v\u00e4lja dina v\u00e4nner men inte din familj. Ett underbart tillf\u00e4lle att samla hela sl\u00e4kten till ett portr\u00e4tt.<\/p>\n<h3>Barnportr\u00e4tt<\/h3>\n<p>Barn \u00e4r spontana vilket g\u00f6r stunden sp\u00e4nnande. Vi kan l\u00e4ra oss mycket av dem. Som far k\u00e4nner jag till det tryck som f\u00f6r\u00e4ldraskap kan ge, det \u00e4r d\u00e4rf\u00f6r jag l\u00e4gger mycket tid vid fotografering av sm\u00e5ttingarna. Jag inkluderar ocks\u00e5 f\u00f6r\u00e4ldrarna, s\u00e5 att barnet k\u00e4nner sig tryggt.<\/p>\n<h3>Graduerings portr\u00e4tt<\/h3>\n<p>F\u00f6r\u00e4ldrars stoltaste \u00f6gonblick, n\u00e4r barnet har studerat flitigt och nu \u00e4r det sk\u00f6rdetid. Medan vi fotograferar studenten, kan f\u00f6r\u00e4ldrarna hj\u00e4lpa till med processen, s\u00e5 det blir mer minnesv\u00e4rt. Ett kvalitets portr\u00e4tt beh\u00e5ller sitt v\u00e4rde.<\/p>\n<h3>Bilder f\u00f6r sociala media<\/h3>\n<p>Tr\u00f6tt p\u00e5 samma lama Facebook, LinkedIn profilbild? Kanske s\u00f6ker du ett nytt jobb och vill sticka ut fr\u00e5n m\u00e4ngden. Oroa dig inte, vi \u00e4r h\u00e4r f\u00f6r att ge dig ett friskt och elegant utseende. 90,-<\/p>\n<h3>Passbilder<\/h3>\n<p>Vi fotograferar alla pass nationaliteter och visum. 45,-<\/p>\n<h3>Br\u00f6llop studio portr\u00e4tt<\/h3>\n<p>I studio f\u00f6rh\u00e5llanden \u00e4r du alltid skyddad fr\u00e5n klimatelementen. Vi kan fotografera n\u00e5got som du \u00f6nskat sedan barndomen eller du kan luta dig tillbaka och l\u00e5ta kaptenen styra fartyget. Vi anv\u00e4nder kvalitetsbelysning f\u00f6r att ge det mest unika resultatet.<\/p>\n<h3>Milj\u00f6 br\u00f6llops portr\u00e4tt<\/h3>\n<p>N\u00e4r man fotograferar br\u00f6llop kommer man att t\u00e4nka p\u00e5 sommaren. I verkligheten kan alla \u00e5rstider utnyttjas. Vi planerar alltid i f\u00f6rv\u00e4g platsen och tar naturligtvis h\u00e4nsyn till dina \u00f6nskem\u00e5l. Allt du beh\u00f6ver \u00e4r en nypa salt och lite peppar f\u00f6r ett framg\u00e5ngsrikt resultat.<\/p>\n<h3>Br\u00f6llops reportage<\/h3>\n<p>Br\u00f6llopsparet, pr\u00e4sten och g\u00e4sterna \u00e4r huvudpersonerna. Allt som h\u00e4nder fr\u00e5n b\u00f6rjan till slut dokumenteras av fotografen, vilket g\u00f6r evenemanget mer spontant.<\/p>\n<h3>Royal br\u00f6llopspaket<\/h3>\n<p>Du har best\u00e4mt dig f\u00f6r att spendera \u00f6verd\u00e5digt, ordet budget l\u00e5ter fr\u00e4mmande f\u00f6r dina \u00f6ron. Detta all-inclusive paket \u00e4r f\u00f6r det best\u00e4mda paret. Paketet inneh\u00e5ller tv\u00e5 fotografer och en makeup artist. Vi fotograferar evenemanget \u00a0fr\u00e5n kyrkan till br\u00f6llopsfesten. Evenemanget kommer ocks\u00e5 att spelas in fr\u00e5n alla drone vinklar och en kort film kommer att inkluderas.<\/p>\n<h3>Restaurering av gamla bilder<\/h3>\n<p>Bilder fr\u00e5n b\u00f6rjan av seklet har starka k\u00e4nslom\u00e4ssiga v\u00e4rden. Vi \u00e5terst\u00e4ller sm\u00e5, medelstora och stora negativ till bilder. Vi \u00e5terst\u00e4ller ocks\u00e5 gamla slitna bilder.<\/p>\n","protected":false},"excerpt":{"rendered":"<p>Portr\u00e4tt \/ F\u00f6retag Om du \u00e4r l\u00e4kare, f\u00f6retagare, ingenj\u00f6r eller kanske en filosof, vill du l\u00e4mna ett best\u00e5ende intryck f\u00f6r kommande generationer. Med konstbelysning producerar vi h\u00f6gklassiga bilder. 80,- Familjeportr\u00e4tt Som det gamla ordspr\u00e5ket lyder, du kan v\u00e4lja dina v\u00e4nner men inte din familj. Ett underbart tillf\u00e4lle att samla hela sl\u00e4kten till ett portr\u00e4tt. Barnportr\u00e4tt [&hellip;]<\/p>\n","protected":false},"author":1,"featured_media":154,"parent":0,"menu_order":0,"comment_status":"closed","ping_status":"closed","template":"","meta":{"_acf_changed":false,"footnotes":""},"class_list":["post-83","page","type-page","status-publish","has-post-thumbnail","hentry"],"acf":[],"_links":{"self":[{"href":"https:\/\/nyblin.fi\/sv\/wp-json\/wp\/v2\/pages\/83","targetHints":{"allow":["GET"]}}],"collection":[{"href":"https:\/\/nyblin.fi\/sv\/wp-json\/wp\/v2\/pages"}],"about":[{"href":"https:\/\/nyblin.fi\/sv\/wp-json\/wp\/v2\/types\/page"}],"author":[{"embeddable":true,"href":"https:\/\/nyblin.fi\/sv\/wp-json\/wp\/v2\/users\/1"}],"replies":[{"embeddable":true,"href":"https:\/\/nyblin.fi\/sv\/wp-json\/wp\/v2\/comments?post=83"}],"version-history":[{"count":9,"href":"https:\/\/nyblin.fi\/sv\/wp-json\/wp\/v2\/pages\/83\/revisions"}],"predecessor-version":[{"id":1409,"href":"https:\/\/nyblin.fi\/sv\/wp-json\/wp\/v2\/pages\/83\/revisions\/1409"}],"wp:featuredmedia":[{"embeddable":true,"href":"https:\/\/nyblin.fi\/sv\/wp-json\/wp\/v2\/media\/154"}],"wp:attachment":[{"href":"https:\/\/nyblin.fi\/sv\/wp-json\/wp\/v2\/media?parent=83"}],"curies":[{"name":"wp","href":"https:\/\/api.w.org\/{rel}","templated":true}]}}