{"id":76,"date":"2017-11-21T15:41:30","date_gmt":"2017-11-21T13:41:30","guid":{"rendered":"https:\/\/nyblin.fi\/dev\/?page_id=76"},"modified":"2025-08-16T21:07:42","modified_gmt":"2025-08-16T18:07:42","slug":"historia","status":"publish","type":"page","link":"https:\/\/nyblin.fi\/sv\/historia\/","title":{"rendered":"Historia"},"content":{"rendered":"<p>Unga norrmannen Daniel Nyblin \u00f6ppnade \u00e5r 1877 p\u00e5 sin 21-\u00e5rsdag atelj\u00e9n i hj\u00e4rtat av Helsingfors. 1914 blev Daniels brors son Ragnvald \u00e4garen. Efter honom tog sonen Jarl \u00f6ver verksamheten \u00e4nda till 1970-talet. Idag forts\u00e4tter Jarls barnbarn Robert\u00a0 fotostudions traditioner. Som Finlands \u00e4ldsta atelj\u00e9 som fortfarande \u00e4r verksam, h\u00f6gaktar vi f\u00f6retagets traditioner; handarbete och kvalitet, snabb och positiv kundbetj\u00e4ning.<\/p>\n<p>I \u00e5r firar vi atelj\u00e9ns 148 \u00e5rsdag!<\/p>\n<p>&nbsp;<\/p>\n<p>Filerna\/negativen sparas i f\u00f6retagets utrymmen i ca 20\u00a0 \u00e5r vilket efter de flyttas till museum. Efterbest\u00e4llningar kan allts\u00e5 g\u00f6ras \u00e4ven efter tiotals \u00e5r!<\/p>\n<p>Atelj\u00e9n \u00e4r medlem i Suomen valokuvaajain liitto<\/p>\n","protected":false},"excerpt":{"rendered":"<p>Unga norrmannen Daniel Nyblin \u00f6ppnade \u00e5r 1877 p\u00e5 sin 21-\u00e5rsdag atelj\u00e9n i hj\u00e4rtat av Helsingfors. 1914 blev Daniels brors son Ragnvald \u00e4garen. Efter honom tog sonen Jarl \u00f6ver verksamheten \u00e4nda till 1970-talet. Idag forts\u00e4tter Jarls barnbarn Robert\u00a0 fotostudions traditioner. Som Finlands \u00e4ldsta atelj\u00e9 som fortfarande \u00e4r verksam, h\u00f6gaktar vi f\u00f6retagets traditioner; handarbete och kvalitet, snabb [&hellip;]<\/p>\n","protected":false},"author":1,"featured_media":155,"parent":0,"menu_order":0,"comment_status":"closed","ping_status":"closed","template":"","meta":{"_acf_changed":false,"footnotes":""},"class_list":["post-76","page","type-page","status-publish","has-post-thumbnail","hentry"],"acf":[],"_links":{"self":[{"href":"https:\/\/nyblin.fi\/sv\/wp-json\/wp\/v2\/pages\/76","targetHints":{"allow":["GET"]}}],"collection":[{"href":"https:\/\/nyblin.fi\/sv\/wp-json\/wp\/v2\/pages"}],"about":[{"href":"https:\/\/nyblin.fi\/sv\/wp-json\/wp\/v2\/types\/page"}],"author":[{"embeddable":true,"href":"https:\/\/nyblin.fi\/sv\/wp-json\/wp\/v2\/users\/1"}],"replies":[{"embeddable":true,"href":"https:\/\/nyblin.fi\/sv\/wp-json\/wp\/v2\/comments?post=76"}],"version-history":[{"count":10,"href":"https:\/\/nyblin.fi\/sv\/wp-json\/wp\/v2\/pages\/76\/revisions"}],"predecessor-version":[{"id":2250,"href":"https:\/\/nyblin.fi\/sv\/wp-json\/wp\/v2\/pages\/76\/revisions\/2250"}],"wp:featuredmedia":[{"embeddable":true,"href":"https:\/\/nyblin.fi\/sv\/wp-json\/wp\/v2\/media\/155"}],"wp:attachment":[{"href":"https:\/\/nyblin.fi\/sv\/wp-json\/wp\/v2\/media?parent=76"}],"curies":[{"name":"wp","href":"https:\/\/api.w.org\/{rel}","templated":true}]}}