{"id":50,"date":"2017-09-08T15:13:27","date_gmt":"2017-09-08T12:13:27","guid":{"rendered":"https:\/\/nyblin.fi\/dev\/etusivu\/"},"modified":"2025-07-30T22:27:42","modified_gmt":"2025-07-30T19:27:42","slug":"etusivu","status":"publish","type":"page","link":"https:\/\/nyblin.fi\/sv\/","title":{"rendered":"Atelier Nyblin"},"content":{"rendered":"<h1 style=\"text-align: center;\">Atelier Nyblin<\/h1>\n<p>V\u00e4lkommen !<\/p>\n<p>Kom och fota dig hos\u00a0 Finlands \u00e4ldsta fotostudio. Samtidigt som du upplever historia, uppfyller vi dina dr\u00f6mmar. Femte generationens Fotograf Robert Nyblin st\u00e5r till tj\u00e4nst.<\/p>\n<p>Portr\u00e4tt \u2013 F\u00f6retag \u2013 Student \u2013 Brudpar \u2013 Barnfoto \u2013 Passfoto &#8211; Restaurering av gamla bilder<\/p>\n<p>&nbsp;<\/p>\n<p><strong>\u00d6ppet<\/strong>:<br \/>\nM\u00e5- Fre 10.00-16.00<\/p>\n<p>Andra tider \u00f6ppet via tidsbest\u00e4llning.\u00a0 \u00a0Tel :\u00a0 \u00a0 050-3302353<\/p>\n<div style=\"display: flex; align-items: center; justify-content: flex-start;\"><a href=\"https:\/\/www.facebook.com\/Atelier-Nyblin-312748368864889\/\" target=\"_blank\" rel=\"noopener noreferrer\"><img loading=\"lazy\" decoding=\"async\" class=\"alignleft size-full wp-image-367\" style=\"margin-right: 5px;\" src=\"https:\/\/nyblin.fi\/wp-content\/uploads\/2018\/02\/art-facebook_20x20.png\" alt=\"\" width=\"20\" height=\"20\" \/><\/a><a href=\"https:\/\/www.facebook.com\/Atelier-Nyblin-312748368864889\/\" target=\"_blank\" rel=\"noopener noreferrer\"><strong>Facebook<\/strong><\/a><\/div>\n","protected":false},"excerpt":{"rendered":"<p>Atelier Nyblin V\u00e4lkommen ! Kom och fota dig hos\u00a0 Finlands \u00e4ldsta fotostudio. Samtidigt som du upplever historia, uppfyller vi dina dr\u00f6mmar. Femte generationens Fotograf Robert Nyblin st\u00e5r till tj\u00e4nst. Portr\u00e4tt \u2013 F\u00f6retag \u2013 Student \u2013 Brudpar \u2013 Barnfoto \u2013 Passfoto &#8211; Restaurering av gamla bilder &nbsp; \u00d6ppet: M\u00e5- Fre 10.00-16.00 Andra tider \u00f6ppet via tidsbest\u00e4llning.\u00a0 [&hellip;]<\/p>\n","protected":false},"author":1,"featured_media":0,"parent":0,"menu_order":0,"comment_status":"closed","ping_status":"closed","template":"page-templates\/page_front-page.php","meta":{"_acf_changed":false,"footnotes":""},"class_list":["post-50","page","type-page","status-publish","hentry"],"acf":[],"_links":{"self":[{"href":"https:\/\/nyblin.fi\/sv\/wp-json\/wp\/v2\/pages\/50","targetHints":{"allow":["GET"]}}],"collection":[{"href":"https:\/\/nyblin.fi\/sv\/wp-json\/wp\/v2\/pages"}],"about":[{"href":"https:\/\/nyblin.fi\/sv\/wp-json\/wp\/v2\/types\/page"}],"author":[{"embeddable":true,"href":"https:\/\/nyblin.fi\/sv\/wp-json\/wp\/v2\/users\/1"}],"replies":[{"embeddable":true,"href":"https:\/\/nyblin.fi\/sv\/wp-json\/wp\/v2\/comments?post=50"}],"version-history":[{"count":63,"href":"https:\/\/nyblin.fi\/sv\/wp-json\/wp\/v2\/pages\/50\/revisions"}],"predecessor-version":[{"id":2240,"href":"https:\/\/nyblin.fi\/sv\/wp-json\/wp\/v2\/pages\/50\/revisions\/2240"}],"wp:attachment":[{"href":"https:\/\/nyblin.fi\/sv\/wp-json\/wp\/v2\/media?parent=50"}],"curies":[{"name":"wp","href":"https:\/\/api.w.org\/{rel}","templated":true}]}}