{"id":173,"date":"2018-02-06T17:30:53","date_gmt":"2018-02-06T15:30:53","guid":{"rendered":"https:\/\/nyblin.fi\/dev\/?page_id=173"},"modified":"2026-05-04T14:34:41","modified_gmt":"2026-05-04T11:34:41","slug":"erbjudanden","status":"publish","type":"page","link":"https:\/\/nyblin.fi\/sv\/erbjudanden\/","title":{"rendered":"Erbjudanden"},"content":{"rendered":"<p>&nbsp;<\/p>\n<p>MAJ-JUNI 2026\u00a0 ERBJUDANDEN<\/p>\n<p>&nbsp;<\/p>\n<p>&nbsp;<\/p>\n<p>LINKEDIN-PROFIL-PAKET.\u00a0 Uppdatera ditt ansikte med ett snyggt portr\u00e4tt.\u00a0 75,-<\/p>\n<p>&nbsp;<\/p>\n<p>SM\u00c5BRAN+ F\u00d6R\u00c4LDRAR. Paketet inneh\u00e5ller cirka 25 tagningar + 3 utvalda f\u00f6rstoringar i format 13&#215;18. 112,-<\/p>\n<p>&nbsp;<\/p>\n<p>&nbsp;<\/p>\n<p>STOR FAMILJ ( 12 + PERSONER ) PAKET. Inneh\u00e5ller cirka 35 tagningar + 5 utvalda f\u00f6rstoringar i format 18&#215;24. 220,-\u00a0 \u00a0 \u00a0 \u00a0 \u00a0 \u00a0 \u00a0 \u00a0 \u00a0 \u00a0 \u00a0 \u00a0 \u00a0 \u00a0 \u00a0 \u00a0 \u00a0 \u00a0 \u00a0 \u00a0 \u00a0 \u00a0 \u00a0 \u00a0 \u00a0 \u00a0 \u00a0 \u00a0 \u00a0 \u00a0 \u00a0 \u00a0 \u00a0 \u00a0 \u00a0 \u00a0 \u00a0 \u00a0 \u00a0 \u00a0 \u00a0 \u00a0 \u00a0 \u00a0 \u00a0 \u00a0 \u00a0 \u00a0 \u00a0 \u00a0 \u00a0 \u00a0 \u00a0 \u00a0 \u00a0 \u00a0 \u00a0 \u00a0 \u00a0 \u00a0 \u00a0 \u00a0 \u00a0 \u00a0 \u00a0 \u00a0 \u00a0 \u00a0 \u00a0 \u00a0Bild editering + l\u00e4tt sminkning tillh\u00f6r.<\/p>\n<p>&nbsp;<\/p>\n<p>F\u00d6RETAG- PROFIL ( +60 PERSONER).\u00a0 Ny &amp; fr\u00e4sch look.\u00a0 Pris 3300,-\u00a0 \u00a0 \u00a0 \u00a0 \u00a0 \u00a0 \u00a0 \u00a0 \u00a0 \u00a0 \u00a0 \u00a0 \u00a0 \u00a0 \u00a0 \u00a0 \u00a0 \u00a0 \u00a0 \u00a0 \u00a0 \u00a0 \u00a0 \u00a0 \u00a0 \u00a0 \u00a0 \u00a0 \u00a0 \u00a0 \u00a0 \u00a0 \u00a0 \u00a0 \u00a0 \u00a0 \u00a0 \u00a0 \u00a0 \u00a0 \u00a0 \u00a0 \u00a0 \u00a0 \u00a0 \u00a0 \u00a0 \u00a0 \u00a0 \u00a0 \u00a0 \u00a0 \u00a0 \u00a0 \u00a0 \u00a0 \u00a0 \u00a0 \u00a0 \u00a0 \u00a0 \u00a0 \u00a0 \u00a0 \u00a0 \u00a0 \u00a0 \u00a0 \u00a0 \u00a0 \u00a0 \u00a0 \u00a0 \u00a0 \u00a0 \u00a0 \u00a0 \u00a0 \u00a0 \u00a0 \u00a0 \u00a0 \u00a0 \u00a0 \u00a0 \u00a0 \u00a0 \u00a0 \u00a0 \u00a0 \u00a0 \u00a0 \u00a0 \u00a0 \u00a0 \u00a0 \u00a0 \u00a0 \u00a0 \u00a0 \u00a0 \u00a0 \u00a0 \u00a0 \u00a0 \u00a0 \u00a0 \u00a0 \u00a0 \u00a0 \u00a0 \u00a0 \u00a0 \u00a0 \u00a0Sminkning &amp; bild editering tillh\u00f6r<\/p>\n<p>&nbsp;<\/p>\n<p>STUDENT-SALONG-PAKET. Inneh\u00e5ller 10 tagningar + 3 utvalda f\u00f6rstoringar i format 13&#215;18 +\u00a0 gratis familje fotografering. 85,-\u00a0 \u00a0 \u00a0 \u00a0 \u00a0 \u00a0 \u00a0 \u00a0 \u00a0 \u00a0 \u00a0 \u00a0 \u00a0 \u00a0 \u00a0 \u00a0 \u00a0 \u00a0 \u00a0 \u00a0 \u00a0 \u00a0 \u00a0 \u00a0 \u00a0 \u00a0 \u00a0 \u00a0 \u00a0 \u00a0 \u00a0 \u00a0 \u00a0 \u00a0 \u00a0 \u00a0 \u00a0 \u00a0 \u00a0 \u00a0 \u00a0 \u00a0 \u00a0 \u00a0 \u00a0 \u00a0 \u00a0 \u00a0 \u00a0 \u00a0 \u00a0 \u00a0 \u00a0 \u00a0 \u00a0 \u00a0 \u00a0 \u00a0 \u00a0 \u00a0 \u00a0 \u00a0Blommor &amp; l\u00e4tt sminkning ing\u00e5r.<\/p>\n<p>&nbsp;<\/p>\n<p>&nbsp;<\/p>\n<p><img loading=\"lazy\" decoding=\"async\" class=\"alignnone wp-image-1322\" src=\"https:\/\/nyblin.fi\/wp-content\/uploads\/2021\/10\/presentkort-300x168.jpg\" alt=\"\" width=\"198\" height=\"111\" srcset=\"https:\/\/nyblin.fi\/wp-content\/uploads\/2021\/10\/presentkort-300x168.jpg 300w, https:\/\/nyblin.fi\/wp-content\/uploads\/2021\/10\/presentkort-1024x574.jpg 1024w, https:\/\/nyblin.fi\/wp-content\/uploads\/2021\/10\/presentkort-768x431.jpg 768w, https:\/\/nyblin.fi\/wp-content\/uploads\/2021\/10\/presentkort-1536x861.jpg 1536w, https:\/\/nyblin.fi\/wp-content\/uploads\/2021\/10\/presentkort-830x465.jpg 830w, https:\/\/nyblin.fi\/wp-content\/uploads\/2021\/10\/presentkort-230x129.jpg 230w, https:\/\/nyblin.fi\/wp-content\/uploads\/2021\/10\/presentkort-350x196.jpg 350w, https:\/\/nyblin.fi\/wp-content\/uploads\/2021\/10\/presentkort-480x269.jpg 480w, https:\/\/nyblin.fi\/wp-content\/uploads\/2021\/10\/presentkort.jpg 2048w\" sizes=\"auto, (max-width: 198px) 100vw, 198px\" \/>\u00a0 \u00a0 \u00d6verraska din v\u00e4n \/ familj med ett presentkort<\/p>\n<p>&nbsp;<\/p>\n<p>&nbsp;<\/p>\n<p>&nbsp;<\/p>\n","protected":false},"excerpt":{"rendered":"<p>&nbsp; MAJ-JUNI 2026\u00a0 ERBJUDANDEN &nbsp; &nbsp; LINKEDIN-PROFIL-PAKET.\u00a0 Uppdatera ditt ansikte med ett snyggt portr\u00e4tt.\u00a0 75,- &nbsp; SM\u00c5BRAN+ F\u00d6R\u00c4LDRAR. Paketet inneh\u00e5ller cirka 25 tagningar + 3 utvalda f\u00f6rstoringar i format 13&#215;18. 112,- &nbsp; &nbsp; STOR FAMILJ ( 12 + PERSONER ) PAKET. Inneh\u00e5ller cirka 35 tagningar + 5 utvalda f\u00f6rstoringar i format 18&#215;24. 220,-\u00a0 \u00a0 \u00a0 [&hellip;]<\/p>\n","protected":false},"author":1,"featured_media":154,"parent":0,"menu_order":0,"comment_status":"closed","ping_status":"closed","template":"","meta":{"_acf_changed":false,"footnotes":""},"class_list":["post-173","page","type-page","status-publish","has-post-thumbnail","hentry"],"acf":[],"_links":{"self":[{"href":"https:\/\/nyblin.fi\/sv\/wp-json\/wp\/v2\/pages\/173","targetHints":{"allow":["GET"]}}],"collection":[{"href":"https:\/\/nyblin.fi\/sv\/wp-json\/wp\/v2\/pages"}],"about":[{"href":"https:\/\/nyblin.fi\/sv\/wp-json\/wp\/v2\/types\/page"}],"author":[{"embeddable":true,"href":"https:\/\/nyblin.fi\/sv\/wp-json\/wp\/v2\/users\/1"}],"replies":[{"embeddable":true,"href":"https:\/\/nyblin.fi\/sv\/wp-json\/wp\/v2\/comments?post=173"}],"version-history":[{"count":115,"href":"https:\/\/nyblin.fi\/sv\/wp-json\/wp\/v2\/pages\/173\/revisions"}],"predecessor-version":[{"id":2493,"href":"https:\/\/nyblin.fi\/sv\/wp-json\/wp\/v2\/pages\/173\/revisions\/2493"}],"wp:featuredmedia":[{"embeddable":true,"href":"https:\/\/nyblin.fi\/sv\/wp-json\/wp\/v2\/media\/154"}],"wp:attachment":[{"href":"https:\/\/nyblin.fi\/sv\/wp-json\/wp\/v2\/media?parent=173"}],"curies":[{"name":"wp","href":"https:\/\/api.w.org\/{rel}","templated":true}]}}