{"id":53,"date":"2017-10-05T00:09:21","date_gmt":"2017-10-04T21:09:21","guid":{"rendered":"https:\/\/nyblin.fi\/dev\/haakuvaus\/"},"modified":"2017-10-10T21:07:45","modified_gmt":"2017-10-10T18:07:45","slug":"haakuvaus","status":"publish","type":"page","link":"https:\/\/nyblin.fi\/en\/haakuvaus\/","title":{"rendered":"H\u00e4\u00e4kuvaus"},"content":{"rendered":"<p>ENGLISH<\/p>\n<p>Milj\u00f6\u00f6 h\u00e4\u00e4kuvaus<\/p>\n<p>Kun tulee puheeksi h\u00e4\u00e4milj\u00f6\u00f6t, heti tulee mieleen kes\u00e4 ja kukkivat orvokit.Todellisuudessa kaikki vuoden ajat kuvaaja voi ammentaa hy\u00f6dyksi, ainoastaan oma ahdasmielisyys on este. Siksi on t\u00e4rke\u00e4t\u00e4 olla vertaamatta oma henkil\u00f6kohtainen kokemus mihink\u00e4\u00e4n muuhun. Kuten ihmisill\u00e4 my\u00f6s luonnolla on oma luonne. Suunnittelen aina hyviss\u00e4 ajoin paikan jossa kuvataan, otan my\u00f6s huomioon sinun toiveesi. Aurinko, pilvet, kalliot,meri ja kaikki muut taustalla toimivat tekij\u00e4t ovat hyv\u00e4n kuvan pippuri ja tietenkin oleellisin osa on \u00a0suola eli h\u00e4\u00e4pari itse. hinta alk 129,-<\/p>\n<p>H\u00e4\u00e4kuvaus studiossa<\/p>\n<p>H\u00e4\u00e4kuvaus studiossa on ajaton kaiken ik\u00e4isille pareille. T\u00e4ss\u00e4 ette ole s\u00e4\u00e4n armoilla vaan voitte nauttia hetkest\u00e4. Voin olla teille mieliksi ja kuvata jotain mist\u00e4 olette unelmoineet tai voitte lakaista paineet ja vastuun valokuvaajan harteille. Kaunis effektivalo joka hyv\u00e4ilee kasvoja ja josta koko personaallinen kuva syntyy. Ehk\u00e4 olette melankolisia ja haluatte vintage tyylisi\u00e4 kuvia kuin haikailen menneen kaunista tyyli\u00e4.Studiokuvauksen budjetti voi olla juuri sinun toivomasi. Alk 90,-<\/p>\n<p>Royal paketti<\/p>\n<p>Olet p\u00e4\u00e4tt\u00e4nyt panostaa\u00a0 kuvaukseen maksoi mit\u00e4 maksoi vaikka anoppi huokaa ja vanhemmat hikoilee. Kaiken kattava royal paketti joka sopii m\u00e4\u00e4r\u00e4tietoiselle. H\u00e4\u00e4p\u00e4iv\u00e4n\u00e4 olemme 2 kuvaajan voimin + meikkaaja kuvaamassa koko tapahtumaa jossa min\u00e4 kuvaan ja kollega videoi kaiken tapahtuman kirkossa ja juhlissa. Kuvaamme tapahtuman laadukkailla hensel valoilla. Pakttiin sis\u00e4ltyy iso l\u00e4j\u00e4 kuvia + video matskua koko tapahtumasta. alk 700,-<\/p>\n<p>H\u00e4\u00e4reportaasi<\/p>\n<p>H\u00e4\u00e4reportaasissa h\u00e4\u00e4pari, yleis\u00f6 ja pappi ovat kohokohtana jossa valokuvaaja toimii katsojana ja pyrkii l\u00f6yt\u00e4m\u00e4\u00e4n kohdat jossa h\u00e4\u00e4pari, pappi ja yleis\u00f6 ovat rentoutuneen oloisia. Lapset ovat\u00a0 t\u00e4ss\u00e4 jo moneen kertaan harjoutuneessa sermoniassa ilo jossa \u00a0onnistuvat rikkomaan kangastuneen kaavan ja aiheuttavat vanhemmille harmaita hiuksia. H\u00e4\u00e4reportaasia voi jatkaa juhlissa.Paikan p\u00e4\u00e4ll\u00e4 ihmiset ovat rentoutuneita ja monesti heill\u00e4 on kuplivan j\u00e4lkeen palava tarve p\u00e4\u00e4st\u00e4 puhumaan valokuvaajan kanssa mik\u00e4 tekee illasta hauskan. paketti alk 400,-<\/p>\n","protected":false},"excerpt":{"rendered":"<p>ENGLISH Milj\u00f6\u00f6 h\u00e4\u00e4kuvaus Kun tulee puheeksi h\u00e4\u00e4milj\u00f6\u00f6t, heti tulee mieleen kes\u00e4 ja kukkivat orvokit.Todellisuudessa kaikki vuoden ajat kuvaaja voi ammentaa hy\u00f6dyksi, ainoastaan oma ahdasmielisyys on este. Siksi on t\u00e4rke\u00e4t\u00e4 olla vertaamatta oma henkil\u00f6kohtainen kokemus mihink\u00e4\u00e4n muuhun. Kuten ihmisill\u00e4 my\u00f6s luonnolla on oma luonne. Suunnittelen aina hyviss\u00e4 ajoin paikan jossa kuvataan, otan my\u00f6s huomioon sinun toiveesi. [&hellip;]<\/p>\n","protected":false},"author":1,"featured_media":0,"parent":0,"menu_order":0,"comment_status":"closed","ping_status":"closed","template":"page-templates\/page_fullwidth.php","meta":{"_acf_changed":false,"footnotes":""},"class_list":["post-53","page","type-page","status-publish","hentry"],"acf":[],"_links":{"self":[{"href":"https:\/\/nyblin.fi\/en\/wp-json\/wp\/v2\/pages\/53","targetHints":{"allow":["GET"]}}],"collection":[{"href":"https:\/\/nyblin.fi\/en\/wp-json\/wp\/v2\/pages"}],"about":[{"href":"https:\/\/nyblin.fi\/en\/wp-json\/wp\/v2\/types\/page"}],"author":[{"embeddable":true,"href":"https:\/\/nyblin.fi\/en\/wp-json\/wp\/v2\/users\/1"}],"replies":[{"embeddable":true,"href":"https:\/\/nyblin.fi\/en\/wp-json\/wp\/v2\/comments?post=53"}],"version-history":[{"count":2,"href":"https:\/\/nyblin.fi\/en\/wp-json\/wp\/v2\/pages\/53\/revisions"}],"predecessor-version":[{"id":55,"href":"https:\/\/nyblin.fi\/en\/wp-json\/wp\/v2\/pages\/53\/revisions\/55"}],"wp:attachment":[{"href":"https:\/\/nyblin.fi\/en\/wp-json\/wp\/v2\/media?parent=53"}],"curies":[{"name":"wp","href":"https:\/\/api.w.org\/{rel}","templated":true}]}}